{"id":50,"date":"2019-02-26T17:20:59","date_gmt":"2019-02-26T16:20:59","guid":{"rendered":"http:\/\/studentchapteraapg.unilasalle.fr\/?page_id=50"},"modified":"2022-01-17T14:31:55","modified_gmt":"2022-01-17T13:31:55","slug":"conference","status":"publish","type":"page","link":"https:\/\/studentchapteraapg.unilasalle.fr\/index.php\/projects\/conference\/","title":{"rendered":"Conferences"},"content":{"rendered":"\t\t<div data-elementor-type=\"wp-page\" data-elementor-id=\"50\" class=\"elementor elementor-50\">\n\t\t\t\t\t\t<section class=\"elementor-section elementor-top-section elementor-element elementor-element-17d354b elementor-section-boxed elementor-section-height-default elementor-section-height-default\" data-id=\"17d354b\" data-element_type=\"section\" data-e-type=\"section\">\n\t\t\t\t\t\t<div class=\"elementor-container elementor-column-gap-default\">\n\t\t\t\t\t<div class=\"elementor-column elementor-col-100 elementor-top-column elementor-element elementor-element-f98a5fc\" data-id=\"f98a5fc\" data-element_type=\"column\" data-e-type=\"column\">\n\t\t\t<div class=\"elementor-widget-wrap elementor-element-populated\">\n\t\t\t\t\t\t<div class=\"elementor-element elementor-element-8fa3eba elementor-arrows-position-inside elementor-pagination-position-outside elementor-widget elementor-widget-image-carousel\" data-id=\"8fa3eba\" data-element_type=\"widget\" data-e-type=\"widget\" data-settings=\"{&quot;navigation&quot;:&quot;both&quot;,&quot;autoplay&quot;:&quot;yes&quot;,&quot;pause_on_hover&quot;:&quot;yes&quot;,&quot;pause_on_interaction&quot;:&quot;yes&quot;,&quot;autoplay_speed&quot;:5000,&quot;infinite&quot;:&quot;yes&quot;,&quot;speed&quot;:500}\" data-widget_type=\"image-carousel.default\">\n\t\t\t\t<div class=\"elementor-widget-container\">\n\t\t\t\t\t\t\t<div class=\"elementor-image-carousel-wrapper swiper\" role=\"region\" aria-roledescription=\"carousel\" aria-label=\"Carrousel d\u2019images\" dir=\"ltr\">\n\t\t\t<div class=\"elementor-image-carousel swiper-wrapper\" aria-live=\"off\">\n\t\t\t\t\t\t\t\t<div class=\"swiper-slide\" role=\"group\" aria-roledescription=\"slide\" aria-label=\"1 sur 21\"><figure class=\"swiper-slide-inner\"><img decoding=\"async\" class=\"swiper-slide-image\" src=\"https:\/\/studentchapteraapg.unilasalle.fr\/wp-content\/uploads\/2021\/06\/200217331_496291968359719_4396424140793886699_n.png\" alt=\"200217331_496291968359719_4396424140793886699_n\" \/><\/figure><\/div><div class=\"swiper-slide\" role=\"group\" aria-roledescription=\"slide\" aria-label=\"2 sur 21\"><figure class=\"swiper-slide-inner\"><img decoding=\"async\" class=\"swiper-slide-image\" src=\"https:\/\/studentchapteraapg.unilasalle.fr\/wp-content\/uploads\/2021\/06\/20201029_AUTEUR_AUZANNEAU_A3-1_page-0001.jpg\" alt=\"20201029_AUTEUR_AUZANNEAU_A3 (1)_page-0001\" \/><\/figure><\/div><div class=\"swiper-slide\" role=\"group\" aria-roledescription=\"slide\" aria-label=\"3 sur 21\"><figure class=\"swiper-slide-inner\"><img decoding=\"async\" class=\"swiper-slide-image\" src=\"https:\/\/studentchapteraapg.unilasalle.fr\/wp-content\/uploads\/2021\/06\/206069146_3738031692968811_8520203140178520566_n.jpg\" alt=\"206069146_3738031692968811_8520203140178520566_n\" \/><\/figure><\/div><div class=\"swiper-slide\" role=\"group\" aria-roledescription=\"slide\" aria-label=\"4 sur 21\"><figure class=\"swiper-slide-inner\"><img decoding=\"async\" class=\"swiper-slide-image\" src=\"https:\/\/studentchapteraapg.unilasalle.fr\/wp-content\/uploads\/2020\/04\/MaxenceCordiez_TransitionEnergetique_SC_AAPG-EAGE-2020-1.png\" alt=\"MaxenceCordiez_TransitionEnergetique_SC_AAPG-EAGE-2020-1\" \/><\/figure><\/div><div class=\"swiper-slide\" role=\"group\" aria-roledescription=\"slide\" aria-label=\"5 sur 21\"><figure class=\"swiper-slide-inner\"><img decoding=\"async\" class=\"swiper-slide-image\" src=\"https:\/\/studentchapteraapg.unilasalle.fr\/wp-content\/uploads\/2020\/04\/LePetroleEtLeGazEnMerProfonde.png\" alt=\"LePetroleEtLeGazEnMerProfonde\" \/><\/figure><\/div><div class=\"swiper-slide\" role=\"group\" aria-roledescription=\"slide\" aria-label=\"6 sur 21\"><figure class=\"swiper-slide-inner\"><img decoding=\"async\" class=\"swiper-slide-image\" src=\"https:\/\/studentchapteraapg.unilasalle.fr\/wp-content\/uploads\/2020\/04\/LesThesesAUnilasalle.png\" alt=\"LesThesesAUnilasalle\" \/><\/figure><\/div><div class=\"swiper-slide\" role=\"group\" aria-roledescription=\"slide\" aria-label=\"7 sur 21\"><figure class=\"swiper-slide-inner\"><img decoding=\"async\" class=\"swiper-slide-image\" src=\"https:\/\/studentchapteraapg.unilasalle.fr\/wp-content\/uploads\/2020\/02\/Conferance_18_06_Conf1806.jpg\" alt=\"Conferance_18_06_Conf1806\" \/><\/figure><\/div><div class=\"swiper-slide\" role=\"group\" aria-roledescription=\"slide\" aria-label=\"8 sur 21\"><figure class=\"swiper-slide-inner\"><img decoding=\"async\" class=\"swiper-slide-image\" src=\"https:\/\/studentchapteraapg.unilasalle.fr\/wp-content\/uploads\/2020\/02\/conf-Heidmann-22-02-2018.png\" alt=\"conf-Heidmann-22-02-2018\" \/><\/figure><\/div><div class=\"swiper-slide\" role=\"group\" aria-roledescription=\"slide\" aria-label=\"9 sur 21\"><figure class=\"swiper-slide-inner\"><img decoding=\"async\" class=\"swiper-slide-image\" src=\"https:\/\/studentchapteraapg.unilasalle.fr\/wp-content\/uploads\/2019\/02\/Screenshot_1.png\" alt=\"Screenshot_1\" \/><\/figure><\/div><div class=\"swiper-slide\" role=\"group\" aria-roledescription=\"slide\" aria-label=\"10 sur 21\"><figure class=\"swiper-slide-inner\"><img decoding=\"async\" class=\"swiper-slide-image\" src=\"https:\/\/studentchapteraapg.unilasalle.fr\/wp-content\/uploads\/2020\/02\/affiche-V-Paumard-copie_page-0001-1.jpg\" alt=\"affiche-V-Paumard-copie_page-0001-1\" \/><\/figure><\/div><div class=\"swiper-slide\" role=\"group\" aria-roledescription=\"slide\" aria-label=\"11 sur 21\"><figure class=\"swiper-slide-inner\"><img decoding=\"async\" class=\"swiper-slide-image\" src=\"https:\/\/studentchapteraapg.unilasalle.fr\/wp-content\/uploads\/2019\/11\/affiche-O-Parize_page-0001.jpg\" alt=\"affiche-O-Parize_page-0001\" \/><\/figure><\/div><div class=\"swiper-slide\" role=\"group\" aria-roledescription=\"slide\" aria-label=\"12 sur 21\"><figure class=\"swiper-slide-inner\"><img decoding=\"async\" class=\"swiper-slide-image\" src=\"https:\/\/studentchapteraapg.unilasalle.fr\/wp-content\/uploads\/2019\/11\/affiche-Paolo-Datillo_page-0001.jpg\" alt=\"affiche-Paolo-Datillo_page-0001\" \/><\/figure><\/div><div class=\"swiper-slide\" role=\"group\" aria-roledescription=\"slide\" aria-label=\"13 sur 21\"><figure class=\"swiper-slide-inner\"><img decoding=\"async\" class=\"swiper-slide-image\" src=\"https:\/\/studentchapteraapg.unilasalle.fr\/wp-content\/uploads\/2020\/04\/lundinThematique.jpg\" alt=\"lundinThematique\" \/><\/figure><\/div><div class=\"swiper-slide\" role=\"group\" aria-roledescription=\"slide\" aria-label=\"14 sur 21\"><figure class=\"swiper-slide-inner\"><img decoding=\"async\" class=\"swiper-slide-image\" src=\"https:\/\/studentchapteraapg.unilasalle.fr\/wp-content\/uploads\/2020\/04\/Journ\u00e9eDesExperts_juin206.png\" alt=\"Journ\u00e9eDesExperts_juin206\" \/><\/figure><\/div><div class=\"swiper-slide\" role=\"group\" aria-roledescription=\"slide\" aria-label=\"15 sur 21\"><figure class=\"swiper-slide-inner\"><img decoding=\"async\" class=\"swiper-slide-image\" src=\"https:\/\/studentchapteraapg.unilasalle.fr\/wp-content\/uploads\/2020\/02\/affiche-B-Benazet_pages-to-jpg-0001-10-06-2016.jpg\" alt=\"affiche-B-Benazet_pages-to-jpg-0001-10-06-2016\" \/><\/figure><\/div><div class=\"swiper-slide\" role=\"group\" aria-roledescription=\"slide\" aria-label=\"16 sur 21\"><figure class=\"swiper-slide-inner\"><img decoding=\"async\" class=\"swiper-slide-image\" src=\"https:\/\/studentchapteraapg.unilasalle.fr\/wp-content\/uploads\/2020\/02\/01-Affiche-Conf\u00e9rence-V-Crombez-21-mars-2016_pages-to-jpg-0001-21-03-2016.jpg\" alt=\"01-Affiche-Conf\u00e9rence-V-Crombez-21-mars-2016_pages-to-jpg-0001-21-03-2016\" \/><\/figure><\/div><div class=\"swiper-slide\" role=\"group\" aria-roledescription=\"slide\" aria-label=\"17 sur 21\"><figure class=\"swiper-slide-inner\"><img decoding=\"async\" class=\"swiper-slide-image\" src=\"https:\/\/studentchapteraapg.unilasalle.fr\/wp-content\/uploads\/2020\/02\/affiche-conf-reservoirs-carbonat\u00e9s-16-12-2015.jpg\" alt=\"affiche-conf-reservoirs-carbonat\u00e9s-16-12-2015\" \/><\/figure><\/div><div class=\"swiper-slide\" role=\"group\" aria-roledescription=\"slide\" aria-label=\"18 sur 21\"><figure class=\"swiper-slide-inner\"><img decoding=\"async\" class=\"swiper-slide-image\" src=\"https:\/\/studentchapteraapg.unilasalle.fr\/wp-content\/uploads\/2020\/02\/affiche-conf-Ultralow-K-Montpellier_pages-to-jpg-0001-16-03-2016.jpg\" alt=\"affiche-conf-Ultralow-K-Montpellier_pages-to-jpg-0001-16-03-2016\" \/><\/figure><\/div><div class=\"swiper-slide\" role=\"group\" aria-roledescription=\"slide\" aria-label=\"19 sur 21\"><figure class=\"swiper-slide-inner\"><img decoding=\"async\" class=\"swiper-slide-image\" src=\"https:\/\/studentchapteraapg.unilasalle.fr\/wp-content\/uploads\/2020\/02\/affiche-B-Benazet_pages-to-jpg-0001-10-06-2016-1.jpg\" alt=\"affiche-B-Benazet_pages-to-jpg-0001-10-06-2016-1\" \/><\/figure><\/div><div class=\"swiper-slide\" role=\"group\" aria-roledescription=\"slide\" aria-label=\"20 sur 21\"><figure class=\"swiper-slide-inner\"><img decoding=\"async\" class=\"swiper-slide-image\" src=\"https:\/\/studentchapteraapg.unilasalle.fr\/wp-content\/uploads\/2020\/04\/AlainBuisson_RessourcesHydrocarburesBP.jpg\" alt=\"AlainBuisson_RessourcesHydrocarburesBP\" \/><\/figure><\/div><div class=\"swiper-slide\" role=\"group\" aria-roledescription=\"slide\" aria-label=\"21 sur 21\"><figure class=\"swiper-slide-inner\"><img decoding=\"async\" class=\"swiper-slide-image\" src=\"https:\/\/studentchapteraapg.unilasalle.fr\/wp-content\/uploads\/2020\/04\/GazDeSchiste_Charlez_2014.png\" alt=\"GazDeSchiste_Charlez_2014\" \/><\/figure><\/div>\t\t\t<\/div>\n\t\t\t\t\t\t\t\t\t\t\t\t<div class=\"elementor-swiper-button elementor-swiper-button-prev\" role=\"button\" tabindex=\"0\">\n\t\t\t\t\t\t<i aria-hidden=\"true\" class=\"eicon-chevron-left\"><\/i>\t\t\t\t\t<\/div>\n\t\t\t\t\t<div class=\"elementor-swiper-button elementor-swiper-button-next\" role=\"button\" tabindex=\"0\">\n\t\t\t\t\t\t<i aria-hidden=\"true\" class=\"eicon-chevron-right\"><\/i>\t\t\t\t\t<\/div>\n\t\t\t\t\n\t\t\t\t\t\t\t\t\t<div class=\"swiper-pagination\"><\/div>\n\t\t\t\t\t\t\t\t\t<\/div>\n\t\t\t\t\t\t<\/div>\n\t\t\t\t<\/div>\n\t\t\t\t\t<\/div>\n\t\t<\/div>\n\t\t\t\t\t<\/div>\n\t\t<\/section>\n\t\t\t\t<section class=\"elementor-section elementor-top-section elementor-element elementor-element-314660c elementor-section-boxed elementor-section-height-default elementor-section-height-default\" data-id=\"314660c\" data-element_type=\"section\" data-e-type=\"section\">\n\t\t\t\t\t\t<div class=\"elementor-container elementor-column-gap-default\">\n\t\t\t\t\t<div class=\"elementor-column elementor-col-100 elementor-top-column elementor-element elementor-element-e68fbdd\" data-id=\"e68fbdd\" data-element_type=\"column\" data-e-type=\"column\" data-settings=\"{&quot;background_background&quot;:&quot;gradient&quot;}\">\n\t\t\t<div class=\"elementor-widget-wrap elementor-element-populated\">\n\t\t\t\t\t<div class=\"elementor-background-overlay\"><\/div>\n\t\t\t\t\t\t<div class=\"elementor-element elementor-element-80d0df3 elementor-widget elementor-widget-text-editor\" data-id=\"80d0df3\" data-element_type=\"widget\" data-e-type=\"widget\" data-widget_type=\"text-editor.default\">\n\t\t\t\t<div class=\"elementor-widget-container\">\n\t\t\t\t\t\t\t\t\t<table width=\"471\"><tbody><tr><td colspan=\"3\" width=\"471\"><h3><a href=\"https:\/\/studentchapteraapg.unilasalle.fr\/index.php\/projects\/conference\/2020-2021\/\" target=\"_blank\" rel=\"noopener\"><span style=\"color: #000000;\">2020-2021<\/span><\/a><\/h3><\/td><\/tr><tr><td width=\"80\">16\/06\/2021<\/td><td width=\"80\">J.J. BITEAU (<b>Conseiller E&amp;P, TOTAL<\/b>)<\/td><td width=\"311\">Hydrodynamisme des r\u00e9servoirs<\/td><\/tr><tr><td width=\"80\">11\/03\/2021<\/td><td width=\"80\">M. AUZANNEAU (<strong>Auteur &amp; Directeur du Shift Project<\/strong>)<\/td><td width=\"311\">Discussion avec l&rsquo;auteur du livre Or Noir, La grande histoire du p\u00e9trole (en co-organisation avec le centre de documentation d&rsquo;UniLaSalle Beauvais)<\/td><\/tr><tr><td width=\"80\">04\/03\/2021<\/td><td width=\"80\">I. SZILAGYI (<strong>Exploration Geologist &amp; Petroleum Economist, University of Stavanger<\/strong>)<\/td><td width=\"311\">Estimation des ressources et \u00e9valuation des r\u00e9serves p\u00e9troli\u00e8res (en co-organisation avec le student chapter AAPG de l&rsquo;Universit\u00e9 de Stavanger)<\/td><\/tr><tr><td colspan=\"3\">\u00a0<\/td><\/tr><tr><td colspan=\"3\" width=\"471\"><h3><b><a href=\"https:\/\/studentchapteraapg.unilasalle.fr\/index.php\/projects\/conference\/2019-2020\/\"><span style=\"color: #000000;\">2019-2020<\/span><\/a><\/b><\/h3><\/td><\/tr><tr><td width=\"80\">29\/04\/2020<\/td><td width=\"80\">M. CORDIEZ (<strong>CEA<\/strong>)<\/td><td width=\"311\">La transition \u00e9nerg\u00e9tique : pourquoi et comment ?<\/td><\/tr><tr><td width=\"80\">10\/04\/2020<\/td><td width=\"80\">P. PALACIOS (<strong>XWELLS<\/strong>)<\/td><td width=\"311\">Le p\u00e9trole et le gaz offshore en mer profonde et ses enjeux<\/td><\/tr><tr><td width=\"80\">12\/12\/2020<\/td><td width=\"80\">B. CLAUSSMANN &amp; J. KLEE &amp; C. GARTNER (<strong>UniLaSalle<\/strong>)<\/td><td width=\"311\">Les th\u00e8ses \u00e0 UniLaSalle<\/td><\/tr><tr><td colspan=\"3\" width=\"471\">\u00a0<\/td><\/tr><tr><td colspan=\"3\" width=\"471\"><h3><b><a href=\"https:\/\/studentchapteraapg.unilasalle.fr\/index.php\/projects\/conference\/2018-2\/\"><span style=\"color: #000000;\">2018-2019<\/span><\/a><\/b><\/h3><\/td><\/tr><tr><td width=\"80\">18\/06\/2019<\/td><td width=\"80\">J.C. HEIDMANN (<strong>TOTAL<\/strong>)<\/td><td width=\"311\">A Bolivian case study: decisions process leading to a major discovery<\/td><\/tr><tr><td width=\"80\">14\/06\/2019<\/td><td width=\"80\">J.J. BITEAU (<strong>pr\u00e9sident &#8211; EAGE<\/strong>)<\/td><td width=\"311\">Hydrodynamisme des r\u00e9servoirs<\/td><\/tr><tr><td width=\"80\">13\/06\/2019<\/td><td width=\"80\">M.H. DEBONO (<strong>TOTAL<\/strong>)<\/td><td width=\"311\">G\u00e9o pression &amp; r\u00f4le du g\u00e9ologue d&rsquo;op\u00e9ration<\/td><\/tr><tr><td width=\"80\">12\/06\/2019<\/td><td width=\"80\">B. GAUTHIER (<strong>expert structuraliste &#8211; TOTAL<\/strong>)<\/td><td width=\"311\">Les r\u00e9servoirs carbonat\u00e9s fractur\u00e9s<\/td><\/tr><tr><td colspan=\"3\" width=\"471\">\u00a0<\/td><\/tr><tr><td colspan=\"3\" width=\"471\"><h3><b><a href=\"https:\/\/studentchapteraapg.unilasalle.fr\/index.php\/projects\/conference\/2017-2\/\"><span style=\"color: #000000;\">2017-2018<\/span><\/a><\/b><\/h3><\/td><\/tr><tr><td width=\"80\">25\/06\/2018<\/td><td width=\"80\">B. GAUTHIER (<strong>TOTAL<\/strong>)<\/td><td width=\"311\">Les r\u00e9servoirs fractur\u00e9s<\/td><\/tr><tr><td width=\"80\">21\/06\/2018<\/td><td width=\"80\">J.J. BITEAU (<strong>pr\u00e9sident EAGE, expert TOTAL<\/strong>)<\/td><td width=\"311\">Hydrodynamisme des r\u00e9servoirs<\/td><\/tr><tr><td width=\"80\">19\/06\/2018<\/td><td width=\"80\">M. BLAIZOT (<strong>Soci\u00e9t\u00e9 G\u00e9ologique de France \/ ex-directeur exploration TOTAL<\/strong>)<\/td><td width=\"311\">Les r\u00e9serves mondiales de shale oil<\/td><\/tr><tr><td width=\"80\">15\/06\/2018<\/td><td width=\"80\">B. BENAZET (<strong>expert TOTAL<\/strong>)<\/td><td width=\"311\">G\u00e9o pression &amp; r\u00f4le du g\u00e9ologue d&rsquo;op\u00e9ration<\/td><\/tr><tr><td width=\"80\">22\/02\/2018<\/td><td width=\"80\">J.C. HEIDMANN (<strong>TOTAL<\/strong>)<\/td><td width=\"311\">Le g\u00e9ant gazier d&rsquo;Incahuasi<\/td><\/tr><tr><td width=\"80\">13\/12\/2017<\/td><td width=\"80\">J. CSIZMEG (<strong>Vermilion Energy<\/strong>)<\/td><td width=\"311\">Petroleum potential and inert gaz risk in the Danube Basin (sub-basin of Pannonian Basin)<\/td><\/tr><tr><td width=\"80\">18\/10\/2017<\/td><td width=\"80\">V. PAUMARD (<strong>University of Western Australia<\/strong>)<\/td><td width=\"311\">Shelf-margin architecture and shoreline processes at the shelf-edge with controls on sediment partitioning and deep-water depositional style<\/td><\/tr><tr><td colspan=\"3\" width=\"471\">\u00a0<\/td><\/tr><tr><td colspan=\"3\" width=\"471\"><h3><b><a href=\"https:\/\/studentchapteraapg.unilasalle.fr\/index.php\/projects\/conference\/2016-2017\/\"><span style=\"color: #000000;\">2016-2017<\/span><\/a><\/b><\/h3><\/td><\/tr><tr><td width=\"80\">25\/04\/2017<\/td><td width=\"80\">P. DATILLO (<strong>TOTAL<\/strong>)<\/td><td width=\"311\">Typing of interfering turbidite systems in the Rakhine Basin, Myanmar : impacts on exploration<\/td><\/tr><tr><td width=\"80\">16\/12\/2016<\/td><td width=\"80\">O. PARIZE (<strong>AREVA<\/strong>)<\/td><td width=\"311\">L&rsquo;Uranium dans les bassins s\u00e9dimentaires<\/td><\/tr><tr><td width=\"80\">01\/12\/2016<\/td><td width=\"80\">F.A. DUBOIN &amp; T. NOVIKOFF (<strong>LUNDIN petroleum<\/strong>)<\/td><td width=\"311\">Th\u00e9matique d\u00e9veloppement &#8211; Gisements matures, int\u00e9r\u00eats, strat\u00e9gie, m\u00e9thode \/\/ Th\u00e9matique Exploration &#8211; Evolution pal\u00e9oenvironnementale du Rh\u00e9tien du Bassin de Paris<\/td><\/tr><tr><td colspan=\"3\" width=\"471\">\u00a0<\/td><\/tr><tr><td colspan=\"3\" width=\"471\"><h3><b><a href=\"https:\/\/studentchapteraapg.unilasalle.fr\/index.php\/projects\/conference\/2015-2016\/\"><span style=\"color: #000000;\">2015-2016<\/span><\/a><\/b><\/h3><\/td><\/tr><tr><td width=\"80\">30\/06\/2016<\/td><td width=\"80\">O. PARIZE (<strong>AREVA<\/strong>)<\/td><td width=\"311\">L&rsquo;Uranium dans les bassins s\u00e9dimentaires<\/td><\/tr><tr><td width=\"80\">29\/06\/2016<\/td><td width=\"80\">M. BLAIZOT (<strong>Soci\u00e9t\u00e9 G\u00e9ologique de France \/ ex-directeur exploration TOTAL<\/strong>)<\/td><td width=\"311\">Les r\u00e9serves mondiales de Shale Oil<\/td><\/tr><tr><td width=\"80\">27\/06\/2016<\/td><td width=\"80\">J.J. BITEAU (<strong>TOTAL<\/strong>)<\/td><td width=\"311\">Hydrodynamisme et pi\u00e8ges p\u00e9troliers<\/td><\/tr><tr><td width=\"80\">10\/06\/2016<\/td><td width=\"80\">B. BENAZET (<strong>Expert in operations geology &amp; pore pressure, TOTAL<\/strong>)<\/td><td width=\"311\">La g\u00e9ologie d\u2019op\u00e9ration dans l\u2019industrie p\u00e9troli\u00e8re &amp; l\u2019\u00e9valuation des pressions<\/td><\/tr><tr><td width=\"80\">21\/03\/2016<\/td><td width=\"80\">V. CROMBEZ (<strong>IFPEn, UPMS, ISTeP<\/strong>)<\/td><td width=\"311\">Source-rocks &amp; shale plays from cores to models<\/td><\/tr><tr><td width=\"80\">16\/03\/2016<\/td><td width=\"80\">D. LOGGIA (<strong>Universit\u00e9 Montpellier 2<\/strong>)<\/td><td width=\"311\">Very low permeability at HP\/HT for deep reservoirs characterization<\/td><\/tr><tr><td width=\"80\">15\/12\/2015<\/td><td width=\"80\">R. Di CUIA (<strong>GEPlan Consulting<\/strong>)<\/td><td width=\"311\">Carbonate fractured reservoirs<\/td><\/tr><tr><td colspan=\"3\" width=\"471\">\u00a0<\/td><\/tr><tr><td colspan=\"3\" width=\"471\"><h3><b><a href=\"https:\/\/studentchapteraapg.unilasalle.fr\/index.php\/projects\/conference\/2014-2015\/\"><span style=\"color: #000000;\">2014-2015<\/span><\/a><\/b><\/h3><\/td><\/tr><tr><td width=\"80\">12\/02\/2015<\/td><td width=\"80\">A. BUISSON<\/td><td width=\"311\">Les ressources en hydrocarbures dans le bassin de Paris<\/td><\/tr><tr><td width=\"80\">01\/11\/2014<\/td><td width=\"80\">P. CHARLEZ (<strong>TOTAL<\/strong>)<\/td><td width=\"311\">Le Gaz de Schiste<\/td><\/tr><\/tbody><\/table>\t\t\t\t\t\t\t\t<\/div>\n\t\t\t\t<\/div>\n\t\t\t\t\t<\/div>\n\t\t<\/div>\n\t\t\t\t\t<\/div>\n\t\t<\/section>\n\t\t\t\t<\/div>\n\t\t","protected":false},"excerpt":{"rendered":"<p>Pr\u00e9c\u00e9dent Suivant 2020-2021 16\/06\/2021 J.J. BITEAU (Conseiller E&amp;P, TOTAL) Hydrodynamisme des r\u00e9servoirs 11\/03\/2021 M. AUZANNEAU (Auteur &amp; Directeur du Shift Project) Discussion avec l&rsquo;auteur du livre Or Noir, La grande histoire du p\u00e9trole (en co-organisation avec le centre de documentation d&rsquo;UniLaSalle Beauvais) 04\/03\/2021 I. SZILAGYI (Exploration Geologist &amp; Petroleum Economist, University of Stavanger) Estimation des [&hellip;]<\/p>\n","protected":false},"author":1,"featured_media":0,"parent":21,"menu_order":0,"comment_status":"closed","ping_status":"closed","template":"","meta":{"footnotes":""},"class_list":["post-50","page","type-page","status-publish","hentry"],"post_mailing_queue_ids":[],"_links":{"self":[{"href":"https:\/\/studentchapteraapg.unilasalle.fr\/index.php\/wp-json\/wp\/v2\/pages\/50","targetHints":{"allow":["GET"]}}],"collection":[{"href":"https:\/\/studentchapteraapg.unilasalle.fr\/index.php\/wp-json\/wp\/v2\/pages"}],"about":[{"href":"https:\/\/studentchapteraapg.unilasalle.fr\/index.php\/wp-json\/wp\/v2\/types\/page"}],"author":[{"embeddable":true,"href":"https:\/\/studentchapteraapg.unilasalle.fr\/index.php\/wp-json\/wp\/v2\/users\/1"}],"replies":[{"embeddable":true,"href":"https:\/\/studentchapteraapg.unilasalle.fr\/index.php\/wp-json\/wp\/v2\/comments?post=50"}],"version-history":[{"count":37,"href":"https:\/\/studentchapteraapg.unilasalle.fr\/index.php\/wp-json\/wp\/v2\/pages\/50\/revisions"}],"predecessor-version":[{"id":774,"href":"https:\/\/studentchapteraapg.unilasalle.fr\/index.php\/wp-json\/wp\/v2\/pages\/50\/revisions\/774"}],"up":[{"embeddable":true,"href":"https:\/\/studentchapteraapg.unilasalle.fr\/index.php\/wp-json\/wp\/v2\/pages\/21"}],"wp:attachment":[{"href":"https:\/\/studentchapteraapg.unilasalle.fr\/index.php\/wp-json\/wp\/v2\/media?parent=50"}],"curies":[{"name":"wp","href":"https:\/\/api.w.org\/{rel}","templated":true}]}}